{"id":940,"date":"2026-03-09T17:05:36","date_gmt":"2026-03-09T17:05:36","guid":{"rendered":"https:\/\/studioisakov.rs\/?page_id=940"},"modified":"2026-04-03T19:19:11","modified_gmt":"2026-04-03T19:19:11","slug":"dokumentacija","status":"publish","type":"page","link":"https:\/\/studioisakov.rs\/?page_id=940","title":{"rendered":"Dokumentacija"},"content":{"rendered":"\t\t<div data-elementor-type=\"wp-page\" data-elementor-id=\"940\" class=\"elementor elementor-940\">\n\t\t\t\t<div class=\"elementor-element elementor-element-7732db2 e-flex e-con-boxed e-con e-parent\" data-id=\"7732db2\" data-element_type=\"container\" data-e-type=\"container\">\n\t\t\t\t\t<div class=\"e-con-inner\">\n\t\t\t\t<div class=\"elementor-element elementor-element-76fd218 elementor-widget elementor-widget-spacer\" data-id=\"76fd218\" data-element_type=\"widget\" data-e-type=\"widget\" data-widget_type=\"spacer.default\">\n\t\t\t\t\t\t\t<div class=\"elementor-spacer\">\n\t\t\t<div class=\"elementor-spacer-inner\"><\/div>\n\t\t<\/div>\n\t\t\t\t\t\t<\/div>\n\t\t\t\t<div class=\"elementor-element elementor-element-51ea8a0 elementor-widget elementor-widget-spacer\" data-id=\"51ea8a0\" data-element_type=\"widget\" data-e-type=\"widget\" data-widget_type=\"spacer.default\">\n\t\t\t\t\t\t\t<div class=\"elementor-spacer\">\n\t\t\t<div class=\"elementor-spacer-inner\"><\/div>\n\t\t<\/div>\n\t\t\t\t\t\t<\/div>\n\t\t\t\t<div class=\"elementor-element elementor-element-270eaa9 elementor-widget-divider--view-line elementor-widget elementor-widget-divider\" data-id=\"270eaa9\" data-element_type=\"widget\" data-e-type=\"widget\" data-widget_type=\"divider.default\">\n\t\t\t\t\t\t\t<div class=\"elementor-divider\">\n\t\t\t<span class=\"elementor-divider-separator\">\n\t\t\t\t\t\t<\/span>\n\t\t<\/div>\n\t\t\t\t\t\t<\/div>\n\t\t\t\t<div class=\"elementor-element elementor-element-da27441 elementor-widget elementor-widget-heading\" data-id=\"da27441\" data-element_type=\"widget\" data-e-type=\"widget\" data-widget_type=\"heading.default\">\n\t\t\t\t\t<h2 class=\"elementor-heading-title elementor-size-default\">Dokumentacija<\/h2>\t\t\t\t<\/div>\n\t\t\t\t<div class=\"elementor-element elementor-element-345577c elementor-widget elementor-widget-heading\" data-id=\"345577c\" data-element_type=\"widget\" data-e-type=\"widget\" data-widget_type=\"heading.default\">\n\t\t\t\t\t<h2 class=\"elementor-heading-title elementor-size-default\">U okviru ove usluge obezbe\u0111ujemo kompletnu administrativnu i stru\u010dnu podr\u0161ku investitorima u postupku pribavljanja dokumentacije potrebne za realizaciju elektroenergetskih priklju\u010daka i izgradnju elektroenergetskih objekata. <br \/>\n\nPreuzimamo sve aktivnosti u vezi sa komunikacijom sa nadle\u017enim institucijama i imaocima javnih ovla\u0161\u0107enja, \u010dime investitorima omogu\u0107avamo efikasno vo\u0111enje postupka i zna\u010dajnu u\u0161tedu vremena.<\/h2>\t\t\t\t<\/div>\n\t\t\t\t\t<\/div>\n\t\t\t\t<\/div>\n\t\t<div class=\"elementor-element elementor-element-9d970cd e-flex e-con-boxed e-con e-parent\" data-id=\"9d970cd\" data-element_type=\"container\" data-e-type=\"container\" data-settings=\"{&quot;background_background&quot;:&quot;classic&quot;}\">\n\t\t\t\t\t<div class=\"e-con-inner\">\n\t\t<div class=\"elementor-element elementor-element-29f1b14 e-grid e-con-full e-con e-child\" data-id=\"29f1b14\" data-element_type=\"container\" data-e-type=\"container\">\n\t\t\t\t<div class=\"elementor-element elementor-element-ea4704d elementor-widget elementor-widget-heading\" data-id=\"ea4704d\" data-element_type=\"widget\" data-e-type=\"widget\" data-widget_type=\"heading.default\">\n\t\t\t\t\t<h2 class=\"elementor-heading-title elementor-size-default\">Usluga obuhvata:<\/h2>\t\t\t\t<\/div>\n\t\t<div class=\"elementor-element elementor-element-ab8d95c e-con-full e-flex e-con e-child\" data-id=\"ab8d95c\" data-element_type=\"container\" data-e-type=\"container\">\n\t\t\t\t<div class=\"elementor-element elementor-element-92aab1d elementor-widget elementor-widget-heading\" data-id=\"92aab1d\" data-element_type=\"widget\" data-e-type=\"widget\" data-widget_type=\"heading.default\">\n\t\t\t\t\t<h1 class=\"elementor-heading-title elementor-size-default\">Izradu kompletne administrativne dokumentacije<\/h1>\t\t\t\t<\/div>\n\t\t\t\t<div class=\"elementor-element elementor-element-695c1ef elementor-widget elementor-widget-heading\" data-id=\"695c1ef\" data-element_type=\"widget\" data-e-type=\"widget\" data-widget_type=\"heading.default\">\n\t\t\t\t\t<p class=\"elementor-heading-title elementor-size-default\">Pripremu svih potrebnih dopisa, molbi, zahteva i slu\u017ebenih podnesaka u skladu sa va\u017ee\u0107im procedurama.<\/p>\t\t\t\t<\/div>\n\t\t\t\t<\/div>\n\t\t<div class=\"elementor-element elementor-element-2dc05f5 e-con-full e-flex e-con e-child\" data-id=\"2dc05f5\" data-element_type=\"container\" data-e-type=\"container\">\n\t\t\t\t<div class=\"elementor-element elementor-element-6b8bdce elementor-widget elementor-widget-heading\" data-id=\"6b8bdce\" data-element_type=\"widget\" data-e-type=\"widget\" data-widget_type=\"heading.default\">\n\t\t\t\t\t<h1 class=\"elementor-heading-title elementor-size-default\">Postupke kroz<br \/> objedinjenu <br \/>  proceduru<\/h1>\t\t\t\t<\/div>\n\t\t\t\t<div class=\"elementor-element elementor-element-ff4ece5 elementor-widget elementor-widget-heading\" data-id=\"ff4ece5\" data-element_type=\"widget\" data-e-type=\"widget\" data-widget_type=\"heading.default\">\n\t\t\t\t\t<p class=\"elementor-heading-title elementor-size-default\">Pripremu svih potrebnih dopisa, molbi, zahteva i slu\u017ebenih podnesaka u skladu sa va\u017ee\u0107im procedurama.<\/p>\t\t\t\t<\/div>\n\t\t\t\t<\/div>\n\t\t<div class=\"elementor-element elementor-element-e7c0fcd e-con-full e-flex e-con e-child\" data-id=\"e7c0fcd\" data-element_type=\"container\" data-e-type=\"container\">\n\t\t\t\t<\/div>\n\t\t<div class=\"elementor-element elementor-element-3c8dbc6 e-con-full e-flex e-con e-child\" data-id=\"3c8dbc6\" data-element_type=\"container\" data-e-type=\"container\">\n\t\t\t\t<div class=\"elementor-element elementor-element-7744491 elementor-widget elementor-widget-heading\" data-id=\"7744491\" data-element_type=\"widget\" data-e-type=\"widget\" data-widget_type=\"heading.default\">\n\t\t\t\t\t<h1 class=\"elementor-heading-title elementor-size-default\">Vo\u0111enje slu\u017ebene komunikacije<\/h1>\t\t\t\t<\/div>\n\t\t\t\t<div class=\"elementor-element elementor-element-671c0bf elementor-widget elementor-widget-heading\" data-id=\"671c0bf\" data-element_type=\"widget\" data-e-type=\"widget\" data-widget_type=\"heading.default\">\n\t\t\t\t\t<p class=\"elementor-heading-title elementor-size-default\">Komunikaciju putem elektronske po\u0161te, zvani\u010dnih dopisa i drugih oblika poslovne korespondencije sa nadle\u017enim institucijama.<\/p>\t\t\t\t<\/div>\n\t\t\t\t<\/div>\n\t\t<div class=\"elementor-element elementor-element-a0f9100 e-con-full e-flex e-con e-child\" data-id=\"a0f9100\" data-element_type=\"container\" data-e-type=\"container\">\n\t\t\t\t<div class=\"elementor-element elementor-element-dbec56e elementor-widget elementor-widget-heading\" data-id=\"dbec56e\" data-element_type=\"widget\" data-e-type=\"widget\" data-widget_type=\"heading.default\">\n\t\t\t\t\t<h1 class=\"elementor-heading-title elementor-size-default\">Ishodovanje potrebne dokumentacije<\/h1>\t\t\t\t<\/div>\n\t\t\t\t<div class=\"elementor-element elementor-element-1250780 elementor-widget elementor-widget-heading\" data-id=\"1250780\" data-element_type=\"widget\" data-e-type=\"widget\" data-widget_type=\"heading.default\">\n\t\t\t\t\t<p class=\"elementor-heading-title elementor-size-default\">Pru\u017eamo podr\u0161ku u postupcima pribavljanja svih potrebnih akata i dozvola \u2013 od lokacijskih uslova, preko gra\u0111evinske dozvole, do prijave radova i drugih prate\u0107ih re\u0161enja.<\/p>\t\t\t\t<\/div>\n\t\t\t\t<\/div>\n\t\t\t\t<\/div>\n\t\t\t\t\t<\/div>\n\t\t\t\t<\/div>\n\t\t\t\t<\/div>\n\t\t","protected":false},"excerpt":{"rendered":"<p>Dokumentacija U okviru ove usluge obezbe\u0111ujemo kompletnu administrativnu i stru\u010dnu podr\u0161ku investitorima u postupku pribavljanja dokumentacije potrebne za realizaciju elektroenergetskih priklju\u010daka i izgradnju elektroenergetskih objekata. Preuzimamo sve aktivnosti u vezi sa komunikacijom sa nadle\u017enim institucijama i imaocima javnih ovla\u0161\u0107enja, \u010dime investitorima omogu\u0107avamo efikasno vo\u0111enje postupka i zna\u010dajnu u\u0161tedu vremena. Usluga obuhvata: Izradu kompletne administrativne dokumentacije [&hellip;]<\/p>\n","protected":false},"author":1,"featured_media":0,"parent":0,"menu_order":0,"comment_status":"closed","ping_status":"closed","template":"elementor_header_footer","meta":{"ocean_post_layout":"full-width","ocean_both_sidebars_style":"","ocean_both_sidebars_content_width":0,"ocean_both_sidebars_sidebars_width":0,"ocean_sidebar":"","ocean_second_sidebar":"","ocean_disable_margins":"enable","ocean_add_body_class":"","ocean_shortcode_before_top_bar":"","ocean_shortcode_after_top_bar":"","ocean_shortcode_before_header":"","ocean_shortcode_after_header":"","ocean_has_shortcode":"","ocean_shortcode_after_title":"","ocean_shortcode_before_footer_widgets":"","ocean_shortcode_after_footer_widgets":"","ocean_shortcode_before_footer_bottom":"","ocean_shortcode_after_footer_bottom":"","ocean_display_top_bar":"default","ocean_display_header":"default","ocean_header_style":"","ocean_center_header_left_menu":"","ocean_custom_header_template":"","ocean_custom_logo":0,"ocean_custom_retina_logo":0,"ocean_custom_logo_max_width":0,"ocean_custom_logo_tablet_max_width":0,"ocean_custom_logo_mobile_max_width":0,"ocean_custom_logo_max_height":0,"ocean_custom_logo_tablet_max_height":0,"ocean_custom_logo_mobile_max_height":0,"ocean_header_custom_menu":"","ocean_menu_typo_font_family":"","ocean_menu_typo_font_subset":"","ocean_menu_typo_font_size":0,"ocean_menu_typo_font_size_tablet":0,"ocean_menu_typo_font_size_mobile":0,"ocean_menu_typo_font_size_unit":"px","ocean_menu_typo_font_weight":"","ocean_menu_typo_font_weight_tablet":"","ocean_menu_typo_font_weight_mobile":"","ocean_menu_typo_transform":"","ocean_menu_typo_transform_tablet":"","ocean_menu_typo_transform_mobile":"","ocean_menu_typo_line_height":0,"ocean_menu_typo_line_height_tablet":0,"ocean_menu_typo_line_height_mobile":0,"ocean_menu_typo_line_height_unit":"","ocean_menu_typo_spacing":0,"ocean_menu_typo_spacing_tablet":0,"ocean_menu_typo_spacing_mobile":0,"ocean_menu_typo_spacing_unit":"","ocean_menu_link_color":"","ocean_menu_link_color_hover":"","ocean_menu_link_color_active":"","ocean_menu_link_background":"","ocean_menu_link_hover_background":"","ocean_menu_link_active_background":"","ocean_menu_social_links_bg":"","ocean_menu_social_hover_links_bg":"","ocean_menu_social_links_color":"","ocean_menu_social_hover_links_color":"","ocean_disable_title":"on","ocean_disable_heading":"default","ocean_post_title":"","ocean_post_subheading":"","ocean_post_title_style":"","ocean_post_title_background_color":"","ocean_post_title_background":0,"ocean_post_title_bg_image_position":"","ocean_post_title_bg_image_attachment":"","ocean_post_title_bg_image_repeat":"","ocean_post_title_bg_image_size":"","ocean_post_title_height":0,"ocean_post_title_bg_overlay":0.5,"ocean_post_title_bg_overlay_color":"","ocean_disable_breadcrumbs":"off","ocean_breadcrumbs_color":"","ocean_breadcrumbs_separator_color":"","ocean_breadcrumbs_links_color":"","ocean_breadcrumbs_links_hover_color":"","ocean_display_footer_widgets":"default","ocean_display_footer_bottom":"default","ocean_custom_footer_template":"","omw_enable_modal_window":"enable","footnotes":""},"class_list":["post-940","page","type-page","status-publish","hentry","entry"],"yoast_head":"<!-- This site is optimized with the Yoast SEO plugin v27.2 - https:\/\/yoast.com\/product\/yoast-seo-wordpress\/ -->\n<title>Potrebna dokumentacija za priklju\u010dak na mre\u017eu Ekektrodistribucije.<\/title>\n<meta name=\"description\" content=\"Kompletna dokumentacija i administrativna podr\u0161ka za priklju\u010dak struje na mre\u017eu Elektrodistribucije. Dozvole, tehni\u010dkI uslovi, CEOP platforma.\" \/>\n<meta name=\"robots\" content=\"index, follow, max-snippet:-1, max-image-preview:large, max-video-preview:-1\" \/>\n<link rel=\"canonical\" href=\"https:\/\/studioisakov.rs\/?page_id=940\" \/>\n<meta property=\"og:locale\" content=\"en_US\" \/>\n<meta property=\"og:type\" content=\"article\" \/>\n<meta property=\"og:title\" content=\"Potrebna dokumentacija za priklju\u010dak na mre\u017eu Ekektrodistribucije.\" \/>\n<meta property=\"og:description\" content=\"Kompletna dokumentacija i administrativna podr\u0161ka za priklju\u010dak struje na mre\u017eu Elektrodistribucije. Dozvole, tehni\u010dkI uslovi, CEOP platforma.\" \/>\n<meta property=\"og:url\" content=\"https:\/\/studioisakov.rs\/?page_id=940\" \/>\n<meta property=\"og:site_name\" content=\"Studio Isakov\" \/>\n<meta property=\"article:modified_time\" content=\"2026-04-03T19:19:11+00:00\" \/>\n<meta name=\"twitter:card\" content=\"summary_large_image\" \/>\n<meta name=\"twitter:label1\" content=\"Est. reading time\" \/>\n\t<meta name=\"twitter:data1\" content=\"1 minute\" \/>\n<script type=\"application\/ld+json\" class=\"yoast-schema-graph\">{\"@context\":\"https:\/\/schema.org\",\"@graph\":[{\"@type\":\"WebPage\",\"@id\":\"https:\/\/studioisakov.rs\/?page_id=940\",\"url\":\"https:\/\/studioisakov.rs\/?page_id=940\",\"name\":\"Potrebna dokumentacija za priklju\u010dak na mre\u017eu Ekektrodistribucije.\",\"isPartOf\":{\"@id\":\"https:\/\/studioisakov.rs\/#website\"},\"datePublished\":\"2026-03-09T17:05:36+00:00\",\"dateModified\":\"2026-04-03T19:19:11+00:00\",\"description\":\"Kompletna dokumentacija i administrativna podr\u0161ka za priklju\u010dak struje na mre\u017eu Elektrodistribucije. Dozvole, tehni\u010dkI uslovi, CEOP platforma.\",\"breadcrumb\":{\"@id\":\"https:\/\/studioisakov.rs\/?page_id=940#breadcrumb\"},\"inLanguage\":\"en-US\",\"potentialAction\":[{\"@type\":\"ReadAction\",\"target\":[\"https:\/\/studioisakov.rs\/?page_id=940\"]}]},{\"@type\":\"BreadcrumbList\",\"@id\":\"https:\/\/studioisakov.rs\/?page_id=940#breadcrumb\",\"itemListElement\":[{\"@type\":\"ListItem\",\"position\":1,\"name\":\"Home\",\"item\":\"https:\/\/studioisakov.rs\/\"},{\"@type\":\"ListItem\",\"position\":2,\"name\":\"Dokumentacija\"}]},{\"@type\":\"WebSite\",\"@id\":\"https:\/\/studioisakov.rs\/#website\",\"url\":\"https:\/\/studioisakov.rs\/\",\"name\":\"Studio Isakov\",\"description\":\"Projektovanje i izvo\u0111enje elektro priklju\u010daka\",\"publisher\":{\"@id\":\"https:\/\/studioisakov.rs\/#organization\"},\"potentialAction\":[{\"@type\":\"SearchAction\",\"target\":{\"@type\":\"EntryPoint\",\"urlTemplate\":\"https:\/\/studioisakov.rs\/?s={search_term_string}\"},\"query-input\":{\"@type\":\"PropertyValueSpecification\",\"valueRequired\":true,\"valueName\":\"search_term_string\"}}],\"inLanguage\":\"en-US\"},{\"@type\":\"Organization\",\"@id\":\"https:\/\/studioisakov.rs\/#organization\",\"name\":\"Studio Isakov\",\"url\":\"https:\/\/studioisakov.rs\/\",\"logo\":{\"@type\":\"ImageObject\",\"inLanguage\":\"en-US\",\"@id\":\"https:\/\/studioisakov.rs\/#\/schema\/logo\/image\/\",\"url\":\"https:\/\/studioisakov.rs\/wp-content\/uploads\/2026\/03\/cropped-desktop-logo-260x60-1-2.png\",\"contentUrl\":\"https:\/\/studioisakov.rs\/wp-content\/uploads\/2026\/03\/cropped-desktop-logo-260x60-1-2.png\",\"width\":260,\"height\":60,\"caption\":\"Studio Isakov\"},\"image\":{\"@id\":\"https:\/\/studioisakov.rs\/#\/schema\/logo\/image\/\"}}]}<\/script>\n<!-- \/ Yoast SEO plugin. -->","yoast_head_json":{"title":"Potrebna dokumentacija za priklju\u010dak na mre\u017eu Ekektrodistribucije.","description":"Kompletna dokumentacija i administrativna podr\u0161ka za priklju\u010dak struje na mre\u017eu Elektrodistribucije. Dozvole, tehni\u010dkI uslovi, CEOP platforma.","robots":{"index":"index","follow":"follow","max-snippet":"max-snippet:-1","max-image-preview":"max-image-preview:large","max-video-preview":"max-video-preview:-1"},"canonical":"https:\/\/studioisakov.rs\/?page_id=940","og_locale":"en_US","og_type":"article","og_title":"Potrebna dokumentacija za priklju\u010dak na mre\u017eu Ekektrodistribucije.","og_description":"Kompletna dokumentacija i administrativna podr\u0161ka za priklju\u010dak struje na mre\u017eu Elektrodistribucije. Dozvole, tehni\u010dkI uslovi, CEOP platforma.","og_url":"https:\/\/studioisakov.rs\/?page_id=940","og_site_name":"Studio Isakov","article_modified_time":"2026-04-03T19:19:11+00:00","twitter_card":"summary_large_image","twitter_misc":{"Est. reading time":"1 minute"},"schema":{"@context":"https:\/\/schema.org","@graph":[{"@type":"WebPage","@id":"https:\/\/studioisakov.rs\/?page_id=940","url":"https:\/\/studioisakov.rs\/?page_id=940","name":"Potrebna dokumentacija za priklju\u010dak na mre\u017eu Ekektrodistribucije.","isPartOf":{"@id":"https:\/\/studioisakov.rs\/#website"},"datePublished":"2026-03-09T17:05:36+00:00","dateModified":"2026-04-03T19:19:11+00:00","description":"Kompletna dokumentacija i administrativna podr\u0161ka za priklju\u010dak struje na mre\u017eu Elektrodistribucije. Dozvole, tehni\u010dkI uslovi, CEOP platforma.","breadcrumb":{"@id":"https:\/\/studioisakov.rs\/?page_id=940#breadcrumb"},"inLanguage":"en-US","potentialAction":[{"@type":"ReadAction","target":["https:\/\/studioisakov.rs\/?page_id=940"]}]},{"@type":"BreadcrumbList","@id":"https:\/\/studioisakov.rs\/?page_id=940#breadcrumb","itemListElement":[{"@type":"ListItem","position":1,"name":"Home","item":"https:\/\/studioisakov.rs\/"},{"@type":"ListItem","position":2,"name":"Dokumentacija"}]},{"@type":"WebSite","@id":"https:\/\/studioisakov.rs\/#website","url":"https:\/\/studioisakov.rs\/","name":"Studio Isakov","description":"Projektovanje i izvo\u0111enje elektro priklju\u010daka","publisher":{"@id":"https:\/\/studioisakov.rs\/#organization"},"potentialAction":[{"@type":"SearchAction","target":{"@type":"EntryPoint","urlTemplate":"https:\/\/studioisakov.rs\/?s={search_term_string}"},"query-input":{"@type":"PropertyValueSpecification","valueRequired":true,"valueName":"search_term_string"}}],"inLanguage":"en-US"},{"@type":"Organization","@id":"https:\/\/studioisakov.rs\/#organization","name":"Studio Isakov","url":"https:\/\/studioisakov.rs\/","logo":{"@type":"ImageObject","inLanguage":"en-US","@id":"https:\/\/studioisakov.rs\/#\/schema\/logo\/image\/","url":"https:\/\/studioisakov.rs\/wp-content\/uploads\/2026\/03\/cropped-desktop-logo-260x60-1-2.png","contentUrl":"https:\/\/studioisakov.rs\/wp-content\/uploads\/2026\/03\/cropped-desktop-logo-260x60-1-2.png","width":260,"height":60,"caption":"Studio Isakov"},"image":{"@id":"https:\/\/studioisakov.rs\/#\/schema\/logo\/image\/"}}]}},"_links":{"self":[{"href":"https:\/\/studioisakov.rs\/index.php?rest_route=\/wp\/v2\/pages\/940","targetHints":{"allow":["GET"]}}],"collection":[{"href":"https:\/\/studioisakov.rs\/index.php?rest_route=\/wp\/v2\/pages"}],"about":[{"href":"https:\/\/studioisakov.rs\/index.php?rest_route=\/wp\/v2\/types\/page"}],"author":[{"embeddable":true,"href":"https:\/\/studioisakov.rs\/index.php?rest_route=\/wp\/v2\/users\/1"}],"replies":[{"embeddable":true,"href":"https:\/\/studioisakov.rs\/index.php?rest_route=%2Fwp%2Fv2%2Fcomments&post=940"}],"version-history":[{"count":47,"href":"https:\/\/studioisakov.rs\/index.php?rest_route=\/wp\/v2\/pages\/940\/revisions"}],"predecessor-version":[{"id":1999,"href":"https:\/\/studioisakov.rs\/index.php?rest_route=\/wp\/v2\/pages\/940\/revisions\/1999"}],"wp:attachment":[{"href":"https:\/\/studioisakov.rs\/index.php?rest_route=%2Fwp%2Fv2%2Fmedia&parent=940"}],"curies":[{"name":"wp","href":"https:\/\/api.w.org\/{rel}","templated":true}]}}